{"id":2453,"date":"2019-04-17T18:19:04","date_gmt":"2019-04-17T16:19:04","guid":{"rendered":"https:\/\/fundacioires.org\/?page_id=2453"},"modified":"2023-02-28T09:21:11","modified_gmt":"2023-02-28T08:21:11","slug":"politica-de-cookies","status":"publish","type":"page","link":"https:\/\/www.fundacioires.org\/ca\/politica-de-cookies\/","title":{"rendered":"Pol\u00edtica de cookies"},"content":{"rendered":"\n<p><strong>Qu\u00e8 \u00e9s una cookie:<\/strong><\/p>\n\n\n\n<p>Una cookie \u00e9s un petit arxiu de text que s\u2019emmagatzema en el seu navegador quan visita gaireb\u00e9 qualsevol p\u00e0gina web. La seva utilitat \u00e9s que la web sigui capa\u00e7 de recordar la seva visita quan torni a navegar per aquesta p\u00e0gina. Les cookies emmagatzemen i recuperen informaci\u00f3 sobre la navegaci\u00f3 de car\u00e0cter t\u00e8cnic, prefer\u00e8ncies personals, estad\u00edstiques d\u2019\u00fas, enlla\u00e7os a xarxes socials, acc\u00e9s a comptes d\u2019usuari, etc.<\/p>\n\n\n\n<p>L\u2019objectiu de la cookie \u00e9s adaptar el contingut de la web al seu perfil i necessitats, per millorar la usabilitat. Les cookies no s\u00f3n elements nocius, s\u2019associen \u00fanicament a un usuari an\u00f2nim i el seu ordinador\/dispositiu i no proporcionen refer\u00e8ncies que permetin con\u00e8ixer dades personals.<\/p>\n\n\n\n<p>En tot moment podr\u00e0 accedir a la configuraci\u00f3 del seu navegador per modificar i\/o bloquejar la instal \u00b7 laci\u00f3 de les cookies enviades per la web. No obstant aix\u00f2, la qualitat del funcionament dels serveis es pot veure afectada.<\/p>\n\n\n\n<p><strong>Tipus de cookies i la seva utilitat:<\/strong><\/p>\n\n\n\n<p>Des d\u2019un punt de vista t\u00e8cnic, les cookies permeten que els llocs web funcionin de forma m\u00e9s \u00e0gil i adaptada a les prefer\u00e8ncies dels usuaris, per exemple emmagatzemant l\u2019idioma, la moneda del pa\u00eds o detectant el dispositiu d\u2019acc\u00e9s. Tamb\u00e9 s\u2019estableixen nivells de protecci\u00f3 i seguretat que impedeixen o dificulten ciberatacs contra el lloc web o els seus usuaris.<\/p>\n\n\n\n<p>Les cookies d\u2019an\u00e0lisi permeten realitzar el mesurament i an\u00e0lisi estad\u00edstica de la utilitzaci\u00f3 que fan els usuaris del servei ofert. Per a aix\u00f2 s\u2019analitza la seva navegaci\u00f3 a la p\u00e0gina web amb la finalitat de millorar la qualitat i experi\u00e8ncia de la visita.<\/p>\n\n\n\n<p>Les cookies publicit\u00e0ries permeten la gesti\u00f3 dels espais publicitaris de la p\u00e0gina web, per tal d\u2019optimitzar la publicitat mostrada als usuaris.<\/p>\n\n\n\n<p>Les cookies poden ser de sessi\u00f3 (dissenyades per recollir i emmagatzemar dades mentre l\u2019usuari accedeix a una p\u00e0gina web) o persistents (les dades segueixen emmagatzemats en el terminal i s\u2019hi pot accedir i poden ser tractades durant un per\u00edode definit pel responsable de la cookie)<\/p>\n\n\n\n<p><strong>Desactivaci\u00f3 o eliminaci\u00f3 de galetes<\/strong><\/p>\n\n\n\n<p>En qualsevol moment podr\u00e0 exercir el seu dret de desactivaci\u00f3 o eliminaci\u00f3 de galetes d\u2019aquest lloc web. Aquestes accions es realitzen de forma diferent en funci\u00f3 del navegador que estigui utilitzant.<\/p>\n\n\n\n<p>A continuaci\u00f3 indiquem com accedir a una cookie determinada del navegador <strong>Chrome<\/strong>. Nota: aquests passos poden variar en funci\u00f3 de la versi\u00f3 del navegador:<\/p>\n\n\n\n<p>\u2013 Vagi a Configuraci\u00f3 o Prefer\u00e8ncies mitjan\u00e7ant el men\u00fa Arxiu o b\u00e9 fent clic a la icona de personalitzaci\u00f3 que apareix a dalt a la dreta.<\/p>\n\n\n\n<p>\u2013 Veur\u00e0 diferents seccions, faci clic a l\u2019opci\u00f3 Mostrar opcions avan\u00e7ades.<\/p>\n\n\n\n<p>\u2013 Vagi a Privacitat, Configuraci\u00f3 de contingut.<\/p>\n\n\n\n<p>\u2013 Seleccioni Totes les cookies i les dades de llocs.<\/p>\n\n\n\n<p>\u2013 Apareixer\u00e0 un llistat amb totes les cookies ordenades per domini. Per a que li sigui m\u00e9s f\u00e0cil trobar les cookies d\u2019un determinat domini introdueixi parcial o totalment l\u2019adre\u00e7a en el camp Buscar cookies.<\/p>\n\n\n\n<p>\u2013 Despr\u00e9s de realitzar aquest filtre apareixeran en pantalla una o v\u00e0ries l\u00ednees amb les cookies de la web sol\u00b7licitada. Ara nom\u00e9s ha de seleccionar-la i pr\u00e9mer la X per a procedir a la seva eliminaci\u00f3.<\/p>\n\n\n\n<p>Per a accedir a la configuraci\u00f3 de cookies del navegador <strong>Internet Explorer<\/strong> segueixi aquests passos (poden variar en funci\u00f3 de la versi\u00f3 del navegador):<\/p>\n\n\n\n<p>\u2013 Vagi a Eines, Opcions d\u2019Internet<\/p>\n\n\n\n<p>\u2013 Faci clic a Privacitat.<\/p>\n\n\n\n<p>\u2013 Mogui la barra de despla\u00e7ament fins ajustar el nivell de privacitat que desitgi.<\/p>\n\n\n\n<p>Per a accedir a la configuraci\u00f3 de cookies del navegador <strong>Firefox<\/strong> segueixi aquests passos (poden variar en funci\u00f3 de la versi\u00f3 del navegador):<\/p>\n\n\n\n<p>\u2013 Vagi a Opcions o Prefer\u00e8ncies segons el seu sistema operatiu.<\/p>\n\n\n\n<p>\u2013 Faci clic a Privacitat.<\/p>\n\n\n\n<p>\u2013 A Historial trieu Utilitza una configuraci\u00f3 personalitzada per l\u2019historial.<\/p>\n\n\n\n<p>\u2013 Ara veur\u00e0 l\u2019opci\u00f3 Acceptar cookies, pot activar-la o desactivar-la segons les seves prefer\u00e8ncies.<\/p>\n\n\n\n<p>Per accedir a la configuraci\u00f3 de cookies del navegador <strong>Safari para OSX<\/strong> segueixi aquests passos (poden variar en funci\u00f3 de la versi\u00f3 del navegador):<\/p>\n\n\n\n<p>\u2013 Vagi a Prefer\u00e8ncies, despr\u00e9s Privacitat.<\/p>\n\n\n\n<p>\u2013 En aquest lloc veur\u00e0 l\u2019opci\u00f3 Bloquejar cookies on pot ajustar el tipus de bloqueig que desitgi realitzar.<\/p>\n\n\n\n<p>Per a accedir a la configuraci\u00f3 de cookies del navegador <strong>Safari para iOS<\/strong> segueixi aquests passos (poden variar en funci\u00f3 de la versi\u00f3 del navegador):<\/p>\n\n\n\n<p>\u2013 Vagi a Ajustos, despr\u00e9s Safari.<\/p>\n\n\n\n<p>\u2013 Vagi a Privacitat i Seguretat, veur\u00e0 l\u2019opci\u00f3 Bloquejar cookies pot ajustar el tipus de bloqueig que desitgi realitzar.<\/p>\n\n\n\n<p>Per a accedir a la configuraci\u00f3 de cookies del navegador per a dispositius <strong>Android<\/strong> segueixi aquests passos (poden variar en funci\u00f3 de la versi\u00f3 del navegador):<\/p>\n\n\n\n<p>\u2013 Executi el navegador i premi la tecla Men\u00fa, despr\u00e9s Ajustos.<\/p>\n\n\n\n<p>\u2013 Vagi a Seguretat i Privacitat, veur\u00e0 l\u2019opci\u00f3 Acceptar cookies per a que activi o desactivi la casella.<\/p>\n\n\n\n<p>Per a accedir a la configuraci\u00f3 de cookies del navegador per a dispositius <strong>Windows Phone<\/strong> segueixi aquests passos (poden variar en funci\u00f3 de la versi\u00f3 del navegador):<\/p>\n\n\n\n<p>\u2013 Obri Internet Explorer, despr\u00e9s M\u00e9s, despr\u00e9s Configuraci\u00f3<\/p>\n\n\n\n<p>\u2013 Ara pot activar o desactivar la casella Permetre cookies.<\/p>\n\n\n\n<p><strong>Cookies utilitzades en aquest lloc web:<\/strong><\/p>\n\n\n\n<p>Seguint les directrius de l\u2019Ag\u00e8ncia Espanyola de Protecci\u00f3 de Dades (AEPD) a continuaci\u00f3 es detalla l\u2019\u00fas de cookies que fa aquesta web amb la finalitat d\u2019informar amb la m\u00e0xima exactitud possible.<\/p>\n\n\n\n<p>Procedim a descriure amb major detall els tipus espec\u00edfics de cookies utilitzades a la nostra p\u00e0gina:<\/p>\n\n\n\n<div id=\"cookiefirst-cookies-table\"><\/div>\n  <div>Aquesta taula de cookies ha estat creada i actualitzada per <a href=\"https:\/\/cookiefirst.com\">CookieFirst consent management platform<\/a>.<\/div>\n\n\n\n<p><strong>Cookies de rendiment:<\/strong><\/p>\n\n\n\n<p>Aquestes cookies s\u2019utilitzen per millorar el rendiment de la nostra P\u00e0gina Web, per\u00f2 no s\u00f3n estrictament necess\u00e0ries ni essencials per al seu \u00fas. No obstant aix\u00f2, advertir que sense aquestes cookies certes funcions habilitades a la nostra Web poden deixar d\u2019estar disponibles.<\/p>\n\n\n\n<p><strong>Cookies funcionals:<\/strong><\/p>\n\n\n\n<p>Les cookies \u201cfuncionals\u201d serveixen per oferir serveis o recordar configuracions per millorar la teva experi\u00e8ncia de navegaci\u00f3 a la nostra p\u00e0gina web.<\/p>\n\n\n\n<p><u>Tercers:<\/u> aquelles que s\u2019envien a l\u2019equip terminal de l\u2019usuari des d\u2019un equip o domini que no \u00e9s gestionat per l\u2019editor, sin\u00f3 per una altra entitat que tracta les dades obtingudes mitjan\u00e7ant les cookies.<\/p>\n\n\n\n<p>Enlla\u00e7os a pol\u00edtiques de tercers:<\/p>\n\n\n\n<ul class=\"wp-block-list\">\n<li><a href=\"https:\/\/www.cloudflare.com\/privacypolicy\/\" target=\"_blank\" rel=\"noreferrer noopener\">Pol\u00edtica de privacitat del servei Cloudflare<\/a><\/li>\n\n\n\n<li><a href=\"https:\/\/policies.google.com\/technologies\/partner-sites?hl=ca\" target=\"_blank\" rel=\"noreferrer noopener\">Pol\u00edtica de privacitat i Condicions del servei de Google<\/a><\/li>\n\n\n\n<li><a href=\"https:\/\/cookiefirst.com\/legal\/data-processing-agreement\/\" target=\"_blank\" rel=\"noreferrer noopener\">Pol\u00edtica de privacitat de CookieFirst<\/a><\/li>\n<\/ul>\n\n\n\n<p><strong>Cookis anal\u00edtiques:<\/strong><\/p>\n\n\n\n<p>Recullen informaci\u00f3 sobre el tipus de navegaci\u00f3 que est\u00e0 realitzant, les seccions que m\u00e9s utilitza, productes consultats, franja hor\u00e0ria d&#8217;\u00fas, idioma, etc.<\/p>\n\n\n\n<p><strong>Notes addicionals:<\/strong><\/p>\n\n\n\n<p>Ni aquesta web ni els seus representants legals es fan responsables ni del contingut ni de la veracitat de les pol\u00edtiques de privacitat que puguin tenir els tercers esmentats en aquesta pol\u00edtica de cookies.<\/p>\n\n\n\n<p>Els navegadors web s\u00f3n les eines encarregades d\u2019emmagatzemar les cookies i des d\u2019aquest lloc ha de fer el seu dret a eliminaci\u00f3 o desactivaci\u00f3 de les mateixes. Ni aquesta web ni els seus representants legals poden garantir la correcta o incorrecta manipulaci\u00f3 de les cookies per part dels esmentats navegadors.<\/p>\n\n\n\n<p>En alguns casos \u00e9s necessari instal \u00b7 lar cookies perqu\u00e8 el navegador no oblidi la seva decisi\u00f3 de no acceptaci\u00f3 de les mateixes.<\/p>\n","protected":false},"excerpt":{"rendered":"<p>Qu\u00e8 \u00e9s una cookie: Una cookie \u00e9s un petit arxiu de text que s\u2019emmagatzema en el seu navegador quan visita gaireb\u00e9 qualsevol p\u00e0gina web. La seva utilitat \u00e9s que la web sigui capa\u00e7 de recordar la seva visita quan torni a navegar per aquesta p\u00e0gina. Les cookies emmagatzemen i recuperen informaci\u00f3 sobre la navegaci\u00f3 de [&hellip;]<\/p>\n","protected":false},"author":2,"featured_media":0,"parent":0,"menu_order":0,"comment_status":"closed","ping_status":"closed","template":"","meta":{"footnotes":""},"proyectos":[],"class_list":["post-2453","page","type-page","status-publish","hentry"],"yoast_head":"<!-- This site is optimized with the Yoast SEO plugin v27.4 - https:\/\/yoast.com\/product\/yoast-seo-wordpress\/ -->\n<title>Pol\u00edtica de cookies - Fundaci\u00f3 IRES<\/title>\n<meta name=\"robots\" content=\"index, follow, max-snippet:-1, max-image-preview:large, max-video-preview:-1\" \/>\n<link rel=\"canonical\" href=\"https:\/\/www.fundacioires.org\/ca\/politica-de-cookies\/\" \/>\n<meta property=\"og:locale\" content=\"ca_ES\" \/>\n<meta property=\"og:type\" content=\"article\" \/>\n<meta property=\"og:title\" content=\"Pol\u00edtica de cookies - Fundaci\u00f3 IRES\" \/>\n<meta property=\"og:description\" content=\"Qu\u00e8 \u00e9s una cookie: Una cookie \u00e9s un petit arxiu de text que s\u2019emmagatzema en el seu navegador quan visita gaireb\u00e9 qualsevol p\u00e0gina web. La seva utilitat \u00e9s que la web sigui capa\u00e7 de recordar la seva visita quan torni a navegar per aquesta p\u00e0gina. Les cookies emmagatzemen i recuperen informaci\u00f3 sobre la navegaci\u00f3 de [&hellip;]\" \/>\n<meta property=\"og:url\" content=\"https:\/\/www.fundacioires.org\/ca\/politica-de-cookies\/\" \/>\n<meta property=\"og:site_name\" content=\"Fundaci\u00f3 IRES\" \/>\n<meta property=\"article:modified_time\" content=\"2023-02-28T08:21:11+00:00\" \/>\n<meta name=\"twitter:card\" content=\"summary_large_image\" \/>\n<meta name=\"twitter:label1\" content=\"Est. reading time\" \/>\n\t<meta name=\"twitter:data1\" content=\"6 minutes\" \/>\n<script type=\"application\/ld+json\" class=\"yoast-schema-graph\">{\"@context\":\"https:\\\/\\\/schema.org\",\"@graph\":[{\"@type\":\"WebPage\",\"@id\":\"https:\\\/\\\/www.fundacioires.org\\\/ca\\\/politica-de-cookies\\\/\",\"url\":\"https:\\\/\\\/www.fundacioires.org\\\/ca\\\/politica-de-cookies\\\/\",\"name\":\"Pol\u00edtica de cookies - Fundaci\u00f3 IRES\",\"isPartOf\":{\"@id\":\"https:\\\/\\\/www.fundacioires.org\\\/#website\"},\"datePublished\":\"2019-04-17T16:19:04+00:00\",\"dateModified\":\"2023-02-28T08:21:11+00:00\",\"breadcrumb\":{\"@id\":\"https:\\\/\\\/www.fundacioires.org\\\/ca\\\/politica-de-cookies\\\/#breadcrumb\"},\"inLanguage\":\"ca-ES\",\"potentialAction\":[{\"@type\":\"ReadAction\",\"target\":[\"https:\\\/\\\/www.fundacioires.org\\\/ca\\\/politica-de-cookies\\\/\"]}]},{\"@type\":\"BreadcrumbList\",\"@id\":\"https:\\\/\\\/www.fundacioires.org\\\/ca\\\/politica-de-cookies\\\/#breadcrumb\",\"itemListElement\":[{\"@type\":\"ListItem\",\"position\":1,\"name\":\"Portada\",\"item\":\"https:\\\/\\\/www.fundacioires.org\\\/ca\\\/\"},{\"@type\":\"ListItem\",\"position\":2,\"name\":\"Pol\u00edtica de cookies\"}]},{\"@type\":\"WebSite\",\"@id\":\"https:\\\/\\\/www.fundacioires.org\\\/#website\",\"url\":\"https:\\\/\\\/www.fundacioires.org\\\/\",\"name\":\"Fundaci\u00f3 IRES\",\"description\":\"\",\"publisher\":{\"@id\":\"https:\\\/\\\/www.fundacioires.org\\\/#organization\"},\"potentialAction\":[{\"@type\":\"SearchAction\",\"target\":{\"@type\":\"EntryPoint\",\"urlTemplate\":\"https:\\\/\\\/www.fundacioires.org\\\/?s={search_term_string}\"},\"query-input\":{\"@type\":\"PropertyValueSpecification\",\"valueRequired\":true,\"valueName\":\"search_term_string\"}}],\"inLanguage\":\"ca-ES\"},{\"@type\":\"Organization\",\"@id\":\"https:\\\/\\\/www.fundacioires.org\\\/#organization\",\"name\":\"Fundanci\u00f3n IRES\",\"url\":\"https:\\\/\\\/www.fundacioires.org\\\/\",\"logo\":{\"@type\":\"ImageObject\",\"inLanguage\":\"ca-ES\",\"@id\":\"https:\\\/\\\/www.fundacioires.org\\\/#\\\/schema\\\/logo\\\/image\\\/\",\"url\":\"https:\\\/\\\/i0.wp.com\\\/www.fundacioires.org\\\/wp-content\\\/uploads\\\/faviconIRES.png?fit=32%2C32&ssl=1\",\"contentUrl\":\"https:\\\/\\\/i0.wp.com\\\/www.fundacioires.org\\\/wp-content\\\/uploads\\\/faviconIRES.png?fit=32%2C32&ssl=1\",\"width\":32,\"height\":32,\"caption\":\"Fundanci\u00f3n IRES\"},\"image\":{\"@id\":\"https:\\\/\\\/www.fundacioires.org\\\/#\\\/schema\\\/logo\\\/image\\\/\"}}]}<\/script>\n<!-- \/ Yoast SEO plugin. -->","yoast_head_json":{"title":"Pol\u00edtica de cookies - Fundaci\u00f3 IRES","robots":{"index":"index","follow":"follow","max-snippet":"max-snippet:-1","max-image-preview":"max-image-preview:large","max-video-preview":"max-video-preview:-1"},"canonical":"https:\/\/www.fundacioires.org\/ca\/politica-de-cookies\/","og_locale":"ca_ES","og_type":"article","og_title":"Pol\u00edtica de cookies - Fundaci\u00f3 IRES","og_description":"Qu\u00e8 \u00e9s una cookie: Una cookie \u00e9s un petit arxiu de text que s\u2019emmagatzema en el seu navegador quan visita gaireb\u00e9 qualsevol p\u00e0gina web. La seva utilitat \u00e9s que la web sigui capa\u00e7 de recordar la seva visita quan torni a navegar per aquesta p\u00e0gina. Les cookies emmagatzemen i recuperen informaci\u00f3 sobre la navegaci\u00f3 de [&hellip;]","og_url":"https:\/\/www.fundacioires.org\/ca\/politica-de-cookies\/","og_site_name":"Fundaci\u00f3 IRES","article_modified_time":"2023-02-28T08:21:11+00:00","twitter_card":"summary_large_image","twitter_misc":{"Est. reading time":"6 minutes"},"schema":{"@context":"https:\/\/schema.org","@graph":[{"@type":"WebPage","@id":"https:\/\/www.fundacioires.org\/ca\/politica-de-cookies\/","url":"https:\/\/www.fundacioires.org\/ca\/politica-de-cookies\/","name":"Pol\u00edtica de cookies - Fundaci\u00f3 IRES","isPartOf":{"@id":"https:\/\/www.fundacioires.org\/#website"},"datePublished":"2019-04-17T16:19:04+00:00","dateModified":"2023-02-28T08:21:11+00:00","breadcrumb":{"@id":"https:\/\/www.fundacioires.org\/ca\/politica-de-cookies\/#breadcrumb"},"inLanguage":"ca-ES","potentialAction":[{"@type":"ReadAction","target":["https:\/\/www.fundacioires.org\/ca\/politica-de-cookies\/"]}]},{"@type":"BreadcrumbList","@id":"https:\/\/www.fundacioires.org\/ca\/politica-de-cookies\/#breadcrumb","itemListElement":[{"@type":"ListItem","position":1,"name":"Portada","item":"https:\/\/www.fundacioires.org\/ca\/"},{"@type":"ListItem","position":2,"name":"Pol\u00edtica de cookies"}]},{"@type":"WebSite","@id":"https:\/\/www.fundacioires.org\/#website","url":"https:\/\/www.fundacioires.org\/","name":"Fundaci\u00f3 IRES","description":"","publisher":{"@id":"https:\/\/www.fundacioires.org\/#organization"},"potentialAction":[{"@type":"SearchAction","target":{"@type":"EntryPoint","urlTemplate":"https:\/\/www.fundacioires.org\/?s={search_term_string}"},"query-input":{"@type":"PropertyValueSpecification","valueRequired":true,"valueName":"search_term_string"}}],"inLanguage":"ca-ES"},{"@type":"Organization","@id":"https:\/\/www.fundacioires.org\/#organization","name":"Fundanci\u00f3n IRES","url":"https:\/\/www.fundacioires.org\/","logo":{"@type":"ImageObject","inLanguage":"ca-ES","@id":"https:\/\/www.fundacioires.org\/#\/schema\/logo\/image\/","url":"https:\/\/i0.wp.com\/www.fundacioires.org\/wp-content\/uploads\/faviconIRES.png?fit=32%2C32&ssl=1","contentUrl":"https:\/\/i0.wp.com\/www.fundacioires.org\/wp-content\/uploads\/faviconIRES.png?fit=32%2C32&ssl=1","width":32,"height":32,"caption":"Fundanci\u00f3n IRES"},"image":{"@id":"https:\/\/www.fundacioires.org\/#\/schema\/logo\/image\/"}}]}},"jetpack_sharing_enabled":true,"_links":{"self":[{"href":"https:\/\/www.fundacioires.org\/ca\/wp-json\/wp\/v2\/pages\/2453","targetHints":{"allow":["GET"]}}],"collection":[{"href":"https:\/\/www.fundacioires.org\/ca\/wp-json\/wp\/v2\/pages"}],"about":[{"href":"https:\/\/www.fundacioires.org\/ca\/wp-json\/wp\/v2\/types\/page"}],"author":[{"embeddable":true,"href":"https:\/\/www.fundacioires.org\/ca\/wp-json\/wp\/v2\/users\/2"}],"replies":[{"embeddable":true,"href":"https:\/\/www.fundacioires.org\/ca\/wp-json\/wp\/v2\/comments?post=2453"}],"version-history":[{"count":5,"href":"https:\/\/www.fundacioires.org\/ca\/wp-json\/wp\/v2\/pages\/2453\/revisions"}],"predecessor-version":[{"id":48919,"href":"https:\/\/www.fundacioires.org\/ca\/wp-json\/wp\/v2\/pages\/2453\/revisions\/48919"}],"wp:attachment":[{"href":"https:\/\/www.fundacioires.org\/ca\/wp-json\/wp\/v2\/media?parent=2453"}],"wp:term":[{"taxonomy":"proyectos","embeddable":true,"href":"https:\/\/www.fundacioires.org\/ca\/wp-json\/wp\/v2\/proyectos?post=2453"}],"curies":[{"name":"wp","href":"https:\/\/api.w.org\/{rel}","templated":true}]}}