{"id":49381,"date":"2023-03-27T14:11:37","date_gmt":"2023-03-27T12:11:37","guid":{"rendered":"https:\/\/www.fundacioires.org\/?page_id=49381"},"modified":"2023-05-11T13:09:20","modified_gmt":"2023-05-11T11:09:20","slug":"diversitat-i-empresa","status":"publish","type":"page","link":"https:\/\/www.fundacioires.org\/ca\/diversitat-i-empresa\/","title":{"rendered":"Diversitat i Empresa"},"content":{"rendered":"<div>\n<p>    <img decoding=\"async\" src=\"\/wp-content\/uploads\/IMG-Cabecera-Hero2.png\" alt=\"\"><\/p>\n<\/div>\n<div><strong>Qu\u00e8 \u00e9s el Programa NextDiversitat i Empresa?<\/strong><\/div>\n<div>\n<p style=\"text-align: center;\">Un programa adre\u00e7at a sensibilitzar a empreses del territori, i l&#8217;orientaci\u00f3 per a la inserci\u00f3 laboral i formaci\u00f3 a persones en situaci\u00f3 de vulnerabilitat.<\/p>\n<\/div>\n<div><span style=\"color: #252525;\"><\/p>\n<p style=\"text-align: left;\">Participem al programa impulsat pel Departament d\u2019Empresa i Treball de la Generalitat de Catalunya amb els fons europeus Next Generation. Aquest programa, coordinat conjuntament per <strong><a href=\"https:\/\/acciosocial.org\/\">ECAS<\/a><\/strong> (federaci\u00f3 d\u2019Entitats d\u2019Acci\u00f3 Social de Catalunya) i <strong><a href=\"https:\/\/www.pimec.org\/\">PIMEC<\/a><\/strong> (Micro, petita i mitjana empresa de Catalunya), \u00e9s una iniciativa que <strong>pret\u00e9n\u202fincorporar o potenciar la perspectiva de la diversitat\u202fa l&#8217;empresa <\/strong>i <strong>acompanyar col\u00b7lectius en situaci\u00f3 de vulnerabilitat per millorar la seva ocupabilitat<\/strong>.<\/p>\n<p><\/span><\/div>\n<div><span style=\"color: #252525;\"><\/p>\n<p style=\"text-align: left;\">Aix\u00f2 s\u2019aconseguir\u00e0 mitjan\u00e7ant l\u2019elaboraci\u00f3 i la implementaci\u00f3 de <strong>Plans de Diversitat<\/strong> a les empreses i gr\u00e0cies a la creaci\u00f3 i al seguiment d\u2019Itineraris <strong>Individualitzats d\u2019Orientaci\u00f3<\/strong> per millorar la formaci\u00f3 i facilitar la inserci\u00f3 laboral de les persones usu\u00e0ries.<\/p>\n<p><\/span><\/div>\n<div>\n<p>        <img decoding=\"async\" src=\"\/wp-content\/uploads\/logo_union_europea_next_generation.png\" alt=\"\"><\/p>\n<\/div>\n<div>\n<p>        <img decoding=\"async\" src=\"\/wp-content\/uploads\/large.jpeg\" alt=\"\"><\/p>\n<\/div>\n<div>\n<p>        <img decoding=\"async\" src=\"\/wp-content\/uploads\/NextGenerationCatalunya.jpg\" alt=\"\"><\/p>\n<\/div>\n<div>\n<p>        <img decoding=\"async\" src=\"\/wp-content\/uploads\/idbh.jpg\" alt=\"\"><\/p>\n<\/div>\n<div>\n<p>        <img decoding=\"async\" src=\"\/wp-content\/uploads\/ecas_logo.jpg\" alt=\"\"><\/p>\n<\/div>\n<div>\n<p>        <img decoding=\"async\" src=\"\/wp-content\/uploads\/pimec_logotip.jpg\" alt=\"\"><\/p>\n<\/div>\n<div>\n<p style=\"text-align: center;\">Aquest projecte, que <strong>s\u2018executar\u00e0 fins al 30 de setembre de 2023<\/strong>, obre noves oportunitats per promoure insercions de forma m\u00e9s directa i per crear noves sinergies amb el sector empresarial.<\/p>\n<\/div>\n<div><strong>Necessites m\u00e9s informaci\u00f3?<\/strong><\/div>\n<div>\n<p style=\"text-align: center;\">Contacta amb el nostre equip<\/p>\n<\/div>\n<ul>\n<li>\n        <a href=\"mailto:davidcordoba@fundacioires.org\">davidcordoba@fundacioires.org<\/a>\n    <\/li>\n<li>\n        <a href=\"https:\/\/www.nextdiversitat.org\/\">Web NextDiversitat<\/a>\n    <\/li>\n<\/ul>\n<p><!--more--><br \/>\n<!-- {\"type\":\"layout\",\"children\":[{\"type\":\"section\",\"props\":{\"image_position\":\"center-center\",\"padding\":\"none\",\"style\":\"default\",\"title_breakpoint\":\"xl\",\"title_position\":\"top-left\",\"title_rotation\":\"left\",\"vertical_align\":\"middle\",\"width\":\"\"},\"children\":[{\"type\":\"row\",\"children\":[{\"type\":\"column\",\"props\":{\"image_position\":\"center-center\",\"media_overlay_gradient\":\"\",\"position_sticky_breakpoint\":\"m\"},\"children\":[{\"type\":\"slideshow\",\"props\":{\"animation\":\"none\",\"content_style\":\"text-lead\",\"link_style\":\"default\",\"link_text\":\"Read more\",\"margin\":\"default\",\"meta_align\":\"below-title\",\"meta_element\":\"div\",\"meta_style\":\"text-meta\",\"nav\":\"dotnav\",\"nav_align\":\"center\",\"nav_breakpoint\":\"s\",\"nav_position\":\"bottom-center\",\"nav_position_margin\":\"medium\",\"overlay_animation\":\"parallax\",\"overlay_container\":\"default\",\"overlay_container_padding\":\"large\",\"overlay_position\":\"center\",\"overlay_width\":\"xlarge\",\"show_content\":true,\"show_link\":true,\"show_meta\":true,\"show_thumbnail\":true,\"show_title\":true,\"slidenav\":\"default\",\"slidenav_breakpoint\":\"m\",\"slidenav_large\":true,\"slidenav_margin\":\"medium\",\"slidenav_outside_breakpoint\":\"xl\",\"slideshow_autoplay\":true,\"slideshow_autoplay_interval\":\"4\",\"slideshow_autoplay_pause\":true,\"slideshow_max_height\":\"500\",\"slideshow_min_height\":\"350\",\"thumbnav_height\":\"75\",\"thumbnav_svg_color\":\"emphasis\",\"thumbnav_width\":\"100\",\"title_element\":\"h3\",\"title_style\":\"heading-medium\"},\"children\":[{\"type\":\"slideshow_item\",\"props\":{\"image\":\"wp-content\\\/uploads\\\/IMG-Cabecera-Hero2.png\",\"title\":\"\"}}]}]}]}],\"name\":\"Slider\"},{\"name\":\"Descripci\\u00f3n\",\"type\":\"section\",\"props\":{\"css\":\"@media (min-width:1011px){\\n    .el-section .subtitle{\\n        min-height:87px;\\n    }\\n}\\n\\n@media (min-width:959px) and (max-width:1010px){\\n    .el-section .subtitle{\\n        min-height:116px;\\n    }\\n}\",\"id\":\"second\",\"image\":\"\",\"image_effect\":\"parallax\",\"image_parallax_bgy\":\"300,450\",\"image_parallax_easing\":\"1\",\"image_position\":\"bottom-right\",\"image_width\":\"700\",\"padding\":\"small\",\"style\":\"default\",\"title_breakpoint\":\"xl\",\"title_position\":\"top-left\",\"title_rotation\":\"left\",\"vertical_align\":\"middle\",\"width\":\"large\"},\"children\":[{\"name\":\"\",\"type\":\"row\",\"props\":{\"margin_remove_bottom\":true,\"width\":\"default\"},\"children\":[{\"name\":\"\",\"type\":\"column\",\"props\":{\"image_position\":\"center-center\",\"media_overlay_gradient\":\"\",\"position_sticky_breakpoint\":\"m\",\"width_medium\":\"1-1\"},\"children\":[{\"name\":\"\",\"type\":\"headline\",\"props\":{\"block_align\":\"center\",\"content\":\"<strong>Qu\\u00e8 \\u00e9s el Programa NextDiversitat i Empresa?<\\\/strong>\",\"margin\":\"medium\",\"maxwidth\":\"xlarge\",\"text_align\":\"center\",\"text_align_breakpoint\":\"s\",\"title_element\":\"div\",\"title_style\":\"h1\"}},{\"type\":\"text\",\"props\":{\"block_align\":\"center\",\"block_align_breakpoint\":\"s\",\"column_breakpoint\":\"m\",\"content\":\"\n\n<p style=\\\"text-align: center;\\\">Un programa adre\\u00e7at a sensibilitzar a empreses del territori, i l'orientaci\\u00f3 per a la inserci\\u00f3 laboral i formaci\\u00f3 a persones en situaci\\u00f3 de vulnerabilitat.<\\\/p>\",\"margin\":\"default\",\"maxwidth\":\"2xlarge\",\"text_align\":\"center\",\"text_align_breakpoint\":\"s\",\"text_align_fallback\":\"left\",\"text_style\":\"lead\"}}]}]}]},{\"type\":\"section\",\"props\":{\"image\":\"wp-content\\\/uploads\\\/Sin-ti\\u0301tulo-2.png\",\"image_position\":\"center-center\",\"image_size\":\"cover\",\"padding\":\"small\",\"style\":\"default\",\"title_breakpoint\":\"xl\",\"title_position\":\"top-left\",\"title_rotation\":\"left\",\"vertical_align\":\"middle\",\"width\":\"default\"},\"children\":[{\"type\":\"row\",\"children\":[{\"type\":\"column\",\"props\":{\"image_position\":\"center-center\",\"media_overlay_gradient\":\"\",\"position_sticky_breakpoint\":\"m\"},\"children\":[{\"type\":\"text\",\"props\":{\"block_align\":\"center\",\"block_align_breakpoint\":\"s\",\"column_breakpoint\":\"m\",\"content\":\"<span style=\\\"color: #252525;\\\">\n\n<p style=\\\"text-align: left;\\\">Participem al programa impulsat pel Departament d\\u2019Empresa i Treball de la Generalitat de Catalunya amb els fons europeus Next Generation. Aquest programa, coordinat conjuntament per <strong><a href=\\\"https:\\\/\\\/acciosocial.org\\\/\\\">ECAS<\\\/a><\\\/strong> (federaci\\u00f3 d\\u2019Entitats d\\u2019Acci\\u00f3 Social de Catalunya) i <strong><a href=\\\"https:\\\/\\\/www.pimec.org\\\/\\\">PIMEC<\\\/a><\\\/strong> (Micro, petita i mitjana empresa de Catalunya), \\u00e9s una iniciativa que <strong>pret\\u00e9n\\u202fincorporar o potenciar la perspectiva de la diversitat\\u202fa l'empresa <\\\/strong>i <strong>acompanyar col\\u00b7lectius en situaci\\u00f3 de vulnerabilitat per millorar la seva ocupabilitat<\\\/strong>.<\\\/p><\\\/span>\",\"margin\":\"default\",\"maxwidth\":\"2xlarge\",\"text_align\":\"center\",\"text_align_breakpoint\":\"s\",\"text_align_fallback\":\"left\",\"text_style\":\"large\"}},{\"type\":\"text\",\"props\":{\"block_align\":\"center\",\"block_align_breakpoint\":\"s\",\"column_breakpoint\":\"m\",\"content\":\"<span style=\\\"color: #252525;\\\">\n\n<p style=\\\"text-align: left;\\\">Aix\\u00f2 s\\u2019aconseguir\\u00e0 mitjan\\u00e7ant l\\u2019elaboraci\\u00f3 i la implementaci\\u00f3 de <strong>Plans de Diversitat<\\\/strong> a les empreses i gr\\u00e0cies a la creaci\\u00f3 i al seguiment d\\u2019Itineraris <strong>Individualitzats d\\u2019Orientaci\\u00f3<\\\/strong> per millorar la formaci\\u00f3 i facilitar la inserci\\u00f3 laboral de les persones usu\\u00e0ries.<\\\/p><\\\/span>\",\"margin\":\"default\",\"maxwidth\":\"2xlarge\",\"text_align\":\"center\",\"text_align_breakpoint\":\"s\",\"text_align_fallback\":\"left\",\"text_style\":\"large\"}}]}]},{\"type\":\"row\",\"props\":{\"layout\":\"1-3,1-3,1-3\",\"width\":\"small\"},\"children\":[{\"type\":\"column\",\"props\":{\"image_position\":\"center-center\",\"media_overlay_gradient\":\"\",\"position_sticky_breakpoint\":\"m\",\"width_medium\":\"1-3\"},\"children\":[{\"type\":\"panel\",\"props\":{\"block_align\":\"center\",\"content_column_breakpoint\":\"m\",\"icon_width\":80,\"image\":\"wp-content\\\/uploads\\\/logo_union_europea_next_generation.png\",\"image_align\":\"top\",\"image_grid_breakpoint\":\"m\",\"image_grid_width\":\"1-2\",\"image_svg_color\":\"emphasis\",\"link_style\":\"default\",\"link_text\":\"Read more\",\"margin\":\"default\",\"maxwidth\":\"medium\",\"meta_align\":\"below-title\",\"meta_element\":\"div\",\"meta_style\":\"text-meta\",\"panel_padding\":\"default\",\"panel_style\":\"card-default\",\"text_align\":\"center\",\"title_align\":\"top\",\"title_element\":\"h3\",\"title_grid_breakpoint\":\"m\",\"title_grid_width\":\"1-2\",\"title_hover_style\":\"reset\"}}]},{\"type\":\"column\",\"props\":{\"image_position\":\"center-center\",\"media_overlay_gradient\":\"\",\"position_sticky_breakpoint\":\"m\",\"width_medium\":\"1-3\"},\"children\":[{\"type\":\"panel\",\"props\":{\"block_align\":\"center\",\"content_column_breakpoint\":\"m\",\"icon_width\":80,\"image\":\"wp-content\\\/uploads\\\/large.jpeg\",\"image_align\":\"top\",\"image_grid_breakpoint\":\"m\",\"image_grid_width\":\"1-2\",\"image_height\":\"70\",\"image_svg_color\":\"emphasis\",\"link_style\":\"default\",\"link_text\":\"Read more\",\"margin\":\"default\",\"maxwidth\":\"medium\",\"meta_align\":\"below-title\",\"meta_element\":\"div\",\"meta_style\":\"text-meta\",\"panel_padding\":\"default\",\"panel_style\":\"card-default\",\"text_align\":\"center\",\"title_align\":\"top\",\"title_element\":\"h3\",\"title_grid_breakpoint\":\"m\",\"title_grid_width\":\"1-2\",\"title_hover_style\":\"reset\"}}]},{\"type\":\"column\",\"props\":{\"image_position\":\"center-center\",\"media_overlay_gradient\":\"\",\"position_sticky_breakpoint\":\"m\",\"width_medium\":\"1-3\"},\"children\":[{\"type\":\"panel\",\"props\":{\"block_align\":\"center\",\"content_column_breakpoint\":\"m\",\"icon_width\":80,\"image\":\"wp-content\\\/uploads\\\/NextGenerationCatalunya.jpg\",\"image_align\":\"top\",\"image_grid_breakpoint\":\"m\",\"image_grid_width\":\"1-2\",\"image_height\":\"60\",\"image_svg_color\":\"emphasis\",\"link_style\":\"default\",\"link_text\":\"Read more\",\"margin\":\"default\",\"maxwidth\":\"medium\",\"meta_align\":\"below-title\",\"meta_element\":\"div\",\"meta_style\":\"text-meta\",\"panel_padding\":\"default\",\"panel_style\":\"card-default\",\"text_align\":\"center\",\"title_align\":\"top\",\"title_element\":\"h3\",\"title_grid_breakpoint\":\"m\",\"title_grid_width\":\"1-2\",\"title_hover_style\":\"reset\"}}]}]},{\"type\":\"row\",\"props\":{\"layout\":\"1-3,1-3,1-3\",\"width\":\"small\"},\"children\":[{\"type\":\"column\",\"props\":{\"image_position\":\"center-center\",\"media_overlay_gradient\":\"\",\"position_sticky_breakpoint\":\"m\",\"width_medium\":\"1-3\"},\"children\":[{\"type\":\"panel\",\"props\":{\"block_align\":\"center\",\"content_column_breakpoint\":\"m\",\"icon_width\":80,\"image\":\"wp-content\\\/uploads\\\/idbh.jpg\",\"image_align\":\"top\",\"image_grid_breakpoint\":\"m\",\"image_grid_width\":\"1-2\",\"image_height\":\"60\",\"image_svg_color\":\"emphasis\",\"link_style\":\"default\",\"link_text\":\"Read more\",\"margin\":\"default\",\"maxwidth\":\"medium\",\"meta_align\":\"below-title\",\"meta_element\":\"div\",\"meta_style\":\"text-meta\",\"panel_padding\":\"default\",\"panel_style\":\"card-default\",\"text_align\":\"center\",\"title_align\":\"top\",\"title_element\":\"h3\",\"title_grid_breakpoint\":\"m\",\"title_grid_width\":\"1-2\",\"title_hover_style\":\"reset\"}}]},{\"type\":\"column\",\"props\":{\"image_position\":\"center-center\",\"media_overlay_gradient\":\"\",\"position_sticky_breakpoint\":\"m\",\"width_medium\":\"1-3\"},\"children\":[{\"type\":\"panel\",\"props\":{\"block_align\":\"center\",\"content_column_breakpoint\":\"m\",\"icon_width\":80,\"image\":\"wp-content\\\/uploads\\\/ecas_logo.jpg\",\"image_align\":\"top\",\"image_grid_breakpoint\":\"m\",\"image_grid_width\":\"1-2\",\"image_height\":\"70\",\"image_svg_color\":\"emphasis\",\"link_style\":\"default\",\"link_text\":\"Read more\",\"margin\":\"default\",\"maxwidth\":\"medium\",\"meta_align\":\"below-title\",\"meta_element\":\"div\",\"meta_style\":\"text-meta\",\"panel_padding\":\"default\",\"panel_style\":\"card-default\",\"text_align\":\"center\",\"title_align\":\"top\",\"title_element\":\"h3\",\"title_grid_breakpoint\":\"m\",\"title_grid_width\":\"1-2\",\"title_hover_style\":\"reset\"}}]},{\"type\":\"column\",\"props\":{\"image_position\":\"center-center\",\"media_overlay_gradient\":\"\",\"position_sticky_breakpoint\":\"m\",\"width_medium\":\"1-3\"},\"children\":[{\"type\":\"panel\",\"props\":{\"block_align\":\"center\",\"content_column_breakpoint\":\"m\",\"icon_width\":80,\"image\":\"wp-content\\\/uploads\\\/pimec_logotip.jpg\",\"image_align\":\"top\",\"image_grid_breakpoint\":\"m\",\"image_grid_width\":\"1-2\",\"image_height\":\"70\",\"image_svg_color\":\"emphasis\",\"link_style\":\"default\",\"link_text\":\"Read more\",\"margin\":\"default\",\"maxwidth\":\"medium\",\"meta_align\":\"below-title\",\"meta_element\":\"div\",\"meta_style\":\"text-meta\",\"panel_padding\":\"default\",\"panel_style\":\"card-default\",\"text_align\":\"center\",\"title_align\":\"top\",\"title_element\":\"h3\",\"title_grid_breakpoint\":\"m\",\"title_grid_width\":\"1-2\",\"title_hover_style\":\"reset\"}}]}]}]},{\"type\":\"section\",\"props\":{\"image_position\":\"center-center\",\"padding\":\"small\",\"style\":\"default\",\"title_breakpoint\":\"xl\",\"title_position\":\"top-left\",\"title_rotation\":\"left\",\"vertical_align\":\"middle\",\"width\":\"default\"},\"children\":[{\"type\":\"row\",\"children\":[{\"type\":\"column\",\"props\":{\"image_position\":\"center-center\",\"media_overlay_gradient\":\"\",\"position_sticky_breakpoint\":\"m\"},\"children\":[{\"type\":\"text\",\"props\":{\"block_align\":\"center\",\"block_align_breakpoint\":\"s\",\"column_breakpoint\":\"m\",\"content\":\"\n\n<p style=\\\"text-align: center;\\\">Aquest projecte, que <strong>s\\u2018executar\\u00e0 fins al 30 de setembre de 2023<\\\/strong>, obre noves oportunitats per promoure insercions de forma m\\u00e9s directa i per crear noves sinergies amb el sector empresarial.<\\\/p>\",\"margin\":\"default\",\"maxwidth\":\"2xlarge\",\"text_align\":\"center\",\"text_align_breakpoint\":\"s\",\"text_align_fallback\":\"left\",\"text_style\":\"lead\"}}]}]}]},{\"type\":\"section\",\"props\":{\"class\":\"\",\"image\":\"wp-content\\\/uploads\\\/Sin-ti\\u0301tulo-1-1.jpg\",\"image_position\":\"center-center\",\"image_size\":\"cover\",\"sticky\":\"\",\"style\":\"default\",\"title_breakpoint\":\"xl\",\"title_position\":\"top-left\",\"title_rotation\":\"left\",\"vertical_align\":\"middle\",\"width\":\"xsmall\"},\"children\":[{\"type\":\"row\",\"children\":[{\"type\":\"column\",\"props\":{\"image_position\":\"center-center\",\"media_overlay_gradient\":\"\",\"position_sticky_breakpoint\":\"m\"},\"children\":[{\"name\":\"\",\"type\":\"headline\",\"props\":{\"block_align\":\"center\",\"content\":\"<strong>Necessites m\\u00e9s informaci\\u00f3?<\\\/strong>\",\"margin\":\"small\",\"margin_remove_top\":false,\"maxwidth\":\"xlarge\",\"text_align\":\"center\",\"text_align_breakpoint\":\"s\",\"title_element\":\"div\",\"title_style\":\"h2\"}},{\"type\":\"text\",\"props\":{\"block_align\":\"center\",\"block_align_breakpoint\":\"s\",\"column_breakpoint\":\"m\",\"content\":\"\n\n<p style=\\\"text-align: center;\\\">Contacta amb el nostre equip<\\\/p>\",\"margin\":\"default\",\"margin_remove_top\":false,\"maxwidth\":\"2xlarge\",\"text_align\":\"center\",\"text_align_breakpoint\":\"s\",\"text_align_fallback\":\"left\",\"text_style\":\"lead\"}},{\"type\":\"button\",\"props\":{\"grid_column_gap\":\"small\",\"grid_row_gap\":\"small\",\"margin\":\"\",\"text_align\":\"center\"},\"children\":[{\"type\":\"button_item\",\"props\":{\"button_style\":\"secondary\",\"content\":\"davidcordoba@fundacioires.org\",\"icon\":\"users\",\"icon_align\":\"left\",\"link\":\"mailto:davidcordoba@fundacioires.org\",\"link_target\":\"blank\"}},{\"type\":\"button_item\",\"props\":{\"button_style\":\"default\",\"content\":\"Web NextDiversitat\",\"icon\":\"link\",\"icon_align\":\"left\",\"link\":\"https:\\\/\\\/www.nextdiversitat.org\\\/\",\"link_target\":\"blank\"}}]}]}]}]}],\"version\":\"3.0.31\",\"yooessentialsVersion\":\"1.9.6\"} --><\/p>\n","protected":false},"excerpt":{"rendered":"<p>Qu\u00e8 \u00e9s el Programa NextDiversitat i Empresa? Un programa adre\u00e7at a sensibilitzar a empreses del territori, i l&#8217;orientaci\u00f3 per a la inserci\u00f3 laboral i formaci\u00f3 a persones en situaci\u00f3 de vulnerabilitat. Participem al programa impulsat pel Departament d\u2019Empresa i Treball de la Generalitat de Catalunya amb els fons europeus Next Generation. Aquest programa, coordinat conjuntament [&hellip;]<\/p>\n","protected":false},"author":7,"featured_media":0,"parent":0,"menu_order":0,"comment_status":"closed","ping_status":"closed","template":"","meta":{"footnotes":""},"proyectos":[169],"class_list":["post-49381","page","type-page","status-publish","hentry","proyectos-publico"],"yoast_head":"<!-- This site is optimized with the Yoast SEO plugin v27.4 - https:\/\/yoast.com\/product\/yoast-seo-wordpress\/ -->\n<title>Diversitat i Empresa - Fundaci\u00f3 IRES<\/title>\n<meta name=\"robots\" content=\"index, follow, max-snippet:-1, max-image-preview:large, max-video-preview:-1\" \/>\n<link rel=\"canonical\" href=\"https:\/\/www.fundacioires.org\/diversidad-y-empresa\/\" \/>\n<meta property=\"og:locale\" content=\"ca_ES\" \/>\n<meta property=\"og:type\" content=\"article\" \/>\n<meta property=\"og:title\" content=\"Diversitat i Empresa - Fundaci\u00f3 IRES\" \/>\n<meta property=\"og:description\" content=\"Qu\u00e8 \u00e9s el Programa NextDiversitat i Empresa? Un programa adre\u00e7at a sensibilitzar a empreses del territori, i l&#8217;orientaci\u00f3 per a la inserci\u00f3 laboral i formaci\u00f3 a persones en situaci\u00f3 de vulnerabilitat. Participem al programa impulsat pel Departament d\u2019Empresa i Treball de la Generalitat de Catalunya amb els fons europeus Next Generation. Aquest programa, coordinat conjuntament [&hellip;]\" \/>\n<meta property=\"og:url\" content=\"https:\/\/www.fundacioires.org\/diversidad-y-empresa\/\" \/>\n<meta property=\"og:site_name\" content=\"Fundaci\u00f3 IRES\" \/>\n<meta property=\"article:modified_time\" content=\"2023-05-11T11:09:20+00:00\" \/>\n<meta name=\"twitter:card\" content=\"summary_large_image\" \/>\n<meta name=\"twitter:label1\" content=\"Est. reading time\" \/>\n\t<meta name=\"twitter:data1\" content=\"3 minutes\" \/>\n<script type=\"application\/ld+json\" class=\"yoast-schema-graph\">{\"@context\":\"https:\\\/\\\/schema.org\",\"@graph\":[{\"@type\":\"WebPage\",\"@id\":\"https:\\\/\\\/www.fundacioires.org\\\/diversidad-y-empresa\\\/\",\"url\":\"https:\\\/\\\/www.fundacioires.org\\\/diversidad-y-empresa\\\/\",\"name\":\"Diversitat i Empresa - Fundaci\u00f3 IRES\",\"isPartOf\":{\"@id\":\"https:\\\/\\\/www.fundacioires.org\\\/#website\"},\"datePublished\":\"2023-03-27T12:11:37+00:00\",\"dateModified\":\"2023-05-11T11:09:20+00:00\",\"breadcrumb\":{\"@id\":\"https:\\\/\\\/www.fundacioires.org\\\/diversidad-y-empresa\\\/#breadcrumb\"},\"inLanguage\":\"ca-ES\",\"potentialAction\":[{\"@type\":\"ReadAction\",\"target\":[\"https:\\\/\\\/www.fundacioires.org\\\/diversidad-y-empresa\\\/\"]}]},{\"@type\":\"BreadcrumbList\",\"@id\":\"https:\\\/\\\/www.fundacioires.org\\\/diversidad-y-empresa\\\/#breadcrumb\",\"itemListElement\":[{\"@type\":\"ListItem\",\"position\":1,\"name\":\"Portada\",\"item\":\"https:\\\/\\\/www.fundacioires.org\\\/ca\\\/\"},{\"@type\":\"ListItem\",\"position\":2,\"name\":\"Diversitat i Empresa\"}]},{\"@type\":\"WebSite\",\"@id\":\"https:\\\/\\\/www.fundacioires.org\\\/#website\",\"url\":\"https:\\\/\\\/www.fundacioires.org\\\/\",\"name\":\"Fundaci\u00f3 IRES\",\"description\":\"\",\"publisher\":{\"@id\":\"https:\\\/\\\/www.fundacioires.org\\\/#organization\"},\"potentialAction\":[{\"@type\":\"SearchAction\",\"target\":{\"@type\":\"EntryPoint\",\"urlTemplate\":\"https:\\\/\\\/www.fundacioires.org\\\/?s={search_term_string}\"},\"query-input\":{\"@type\":\"PropertyValueSpecification\",\"valueRequired\":true,\"valueName\":\"search_term_string\"}}],\"inLanguage\":\"ca-ES\"},{\"@type\":\"Organization\",\"@id\":\"https:\\\/\\\/www.fundacioires.org\\\/#organization\",\"name\":\"Fundanci\u00f3n IRES\",\"url\":\"https:\\\/\\\/www.fundacioires.org\\\/\",\"logo\":{\"@type\":\"ImageObject\",\"inLanguage\":\"ca-ES\",\"@id\":\"https:\\\/\\\/www.fundacioires.org\\\/#\\\/schema\\\/logo\\\/image\\\/\",\"url\":\"https:\\\/\\\/i0.wp.com\\\/www.fundacioires.org\\\/wp-content\\\/uploads\\\/faviconIRES.png?fit=32%2C32&ssl=1\",\"contentUrl\":\"https:\\\/\\\/i0.wp.com\\\/www.fundacioires.org\\\/wp-content\\\/uploads\\\/faviconIRES.png?fit=32%2C32&ssl=1\",\"width\":32,\"height\":32,\"caption\":\"Fundanci\u00f3n IRES\"},\"image\":{\"@id\":\"https:\\\/\\\/www.fundacioires.org\\\/#\\\/schema\\\/logo\\\/image\\\/\"}}]}<\/script>\n<!-- \/ Yoast SEO plugin. -->","yoast_head_json":{"title":"Diversitat i Empresa - Fundaci\u00f3 IRES","robots":{"index":"index","follow":"follow","max-snippet":"max-snippet:-1","max-image-preview":"max-image-preview:large","max-video-preview":"max-video-preview:-1"},"canonical":"https:\/\/www.fundacioires.org\/diversidad-y-empresa\/","og_locale":"ca_ES","og_type":"article","og_title":"Diversitat i Empresa - Fundaci\u00f3 IRES","og_description":"Qu\u00e8 \u00e9s el Programa NextDiversitat i Empresa? Un programa adre\u00e7at a sensibilitzar a empreses del territori, i l&#8217;orientaci\u00f3 per a la inserci\u00f3 laboral i formaci\u00f3 a persones en situaci\u00f3 de vulnerabilitat. Participem al programa impulsat pel Departament d\u2019Empresa i Treball de la Generalitat de Catalunya amb els fons europeus Next Generation. Aquest programa, coordinat conjuntament [&hellip;]","og_url":"https:\/\/www.fundacioires.org\/diversidad-y-empresa\/","og_site_name":"Fundaci\u00f3 IRES","article_modified_time":"2023-05-11T11:09:20+00:00","twitter_card":"summary_large_image","twitter_misc":{"Est. reading time":"3 minutes"},"schema":{"@context":"https:\/\/schema.org","@graph":[{"@type":"WebPage","@id":"https:\/\/www.fundacioires.org\/diversidad-y-empresa\/","url":"https:\/\/www.fundacioires.org\/diversidad-y-empresa\/","name":"Diversitat i Empresa - Fundaci\u00f3 IRES","isPartOf":{"@id":"https:\/\/www.fundacioires.org\/#website"},"datePublished":"2023-03-27T12:11:37+00:00","dateModified":"2023-05-11T11:09:20+00:00","breadcrumb":{"@id":"https:\/\/www.fundacioires.org\/diversidad-y-empresa\/#breadcrumb"},"inLanguage":"ca-ES","potentialAction":[{"@type":"ReadAction","target":["https:\/\/www.fundacioires.org\/diversidad-y-empresa\/"]}]},{"@type":"BreadcrumbList","@id":"https:\/\/www.fundacioires.org\/diversidad-y-empresa\/#breadcrumb","itemListElement":[{"@type":"ListItem","position":1,"name":"Portada","item":"https:\/\/www.fundacioires.org\/ca\/"},{"@type":"ListItem","position":2,"name":"Diversitat i Empresa"}]},{"@type":"WebSite","@id":"https:\/\/www.fundacioires.org\/#website","url":"https:\/\/www.fundacioires.org\/","name":"Fundaci\u00f3 IRES","description":"","publisher":{"@id":"https:\/\/www.fundacioires.org\/#organization"},"potentialAction":[{"@type":"SearchAction","target":{"@type":"EntryPoint","urlTemplate":"https:\/\/www.fundacioires.org\/?s={search_term_string}"},"query-input":{"@type":"PropertyValueSpecification","valueRequired":true,"valueName":"search_term_string"}}],"inLanguage":"ca-ES"},{"@type":"Organization","@id":"https:\/\/www.fundacioires.org\/#organization","name":"Fundanci\u00f3n IRES","url":"https:\/\/www.fundacioires.org\/","logo":{"@type":"ImageObject","inLanguage":"ca-ES","@id":"https:\/\/www.fundacioires.org\/#\/schema\/logo\/image\/","url":"https:\/\/i0.wp.com\/www.fundacioires.org\/wp-content\/uploads\/faviconIRES.png?fit=32%2C32&ssl=1","contentUrl":"https:\/\/i0.wp.com\/www.fundacioires.org\/wp-content\/uploads\/faviconIRES.png?fit=32%2C32&ssl=1","width":32,"height":32,"caption":"Fundanci\u00f3n IRES"},"image":{"@id":"https:\/\/www.fundacioires.org\/#\/schema\/logo\/image\/"}}]}},"jetpack_sharing_enabled":true,"_links":{"self":[{"href":"https:\/\/www.fundacioires.org\/ca\/wp-json\/wp\/v2\/pages\/49381","targetHints":{"allow":["GET"]}}],"collection":[{"href":"https:\/\/www.fundacioires.org\/ca\/wp-json\/wp\/v2\/pages"}],"about":[{"href":"https:\/\/www.fundacioires.org\/ca\/wp-json\/wp\/v2\/types\/page"}],"author":[{"embeddable":true,"href":"https:\/\/www.fundacioires.org\/ca\/wp-json\/wp\/v2\/users\/7"}],"replies":[{"embeddable":true,"href":"https:\/\/www.fundacioires.org\/ca\/wp-json\/wp\/v2\/comments?post=49381"}],"version-history":[{"count":5,"href":"https:\/\/www.fundacioires.org\/ca\/wp-json\/wp\/v2\/pages\/49381\/revisions"}],"predecessor-version":[{"id":52111,"href":"https:\/\/www.fundacioires.org\/ca\/wp-json\/wp\/v2\/pages\/49381\/revisions\/52111"}],"wp:attachment":[{"href":"https:\/\/www.fundacioires.org\/ca\/wp-json\/wp\/v2\/media?parent=49381"}],"wp:term":[{"taxonomy":"proyectos","embeddable":true,"href":"https:\/\/www.fundacioires.org\/ca\/wp-json\/wp\/v2\/proyectos?post=49381"}],"curies":[{"name":"wp","href":"https:\/\/api.w.org\/{rel}","templated":true}]}}